{"id":551,"date":"2018-01-04T18:28:49","date_gmt":"2018-01-04T17:28:49","guid":{"rendered":"https:\/\/www.libar.info\/pisani-prijevod\/"},"modified":"2018-05-19T19:27:06","modified_gmt":"2018-05-19T17:27:06","slug":"schriftliche-uebersetzungen","status":"publish","type":"page","link":"https:\/\/www.libar.info\/de\/uebersetzungen\/schriftliche-uebersetzungen\/","title":{"rendered":"Schriftliche \u00dcbersetzungen"},"content":{"rendered":"<p>Eine schriftliche \u00dcbersetzung ist die schriftliche \u00dcbertragung eines Textes aus der Originalsprache in die Zielsprache. \u00dcbersetzungen werden nicht pro Seite berechnet, sondern pro Textkarte. Bei der Preisbestimmung einer Textkarte, wird von der vorgeschriebenen Tarife ausgegangen, welche erh\u00f6ht oder verringert werden kann, abh\u00e4ngig von der Dringlichkeit und Komplexit\u00e4t des zu \u00fcbersetzenden Textes.<\/p>\n<p>Unsere schriftlichen \u00dcbersetzungen werden nicht von Computerwerkzeugen oder Internetsuchmaschinen erstellt, sondern von f\u00fcr einzelne Sprachgebiete spezialisierten \u00dcbersetzern. <strong>Ihre \u00dcbersetzung liefern wir innerhalb der kurzm\u00f6glichsten Zeit, mit oder ohne Beglaubigung eines beeidigten Gerichtsdolmetschers<\/strong>.<\/p>\n<p>Schriftliche \u00dcbersetzungen: vom Bosnischen\/ Kroatischen\/Serbischen ins Englische, Deutsche, Italienische, Franz\u00f6sische, Spanische, Serbische, Bosnische, Slowenische, Russische, Bulgarische, Mazedonische, Albanische, Tschechische, Slowakische, Polnische, Ungarische, Griechische, Portugiesische, Ukrainische, Schwedische, Niederl\u00e4ndische, D\u00e4nische, Litauische, T\u00fcrkische, Hebr\u00e4ische, Arabische, Japanische, Chinesische, Persische, Romanische und Latein, und umgekehrt.<\/p>\n<p>Den zu \u00fcbersetzenden Text k\u00f6nnen sie uns per E-Mail, Fax, Post oder Viber schicken, oder unsere B\u00fcros pers\u00f6nlich besuchen, wo sie unser freundliches Personal gern beraten wird.<\/p>\n<p>Schriftliche \u00dcbersetzung gibt es als \u00dcbersetzung <strong>ohne Beglaubigung,<\/strong> sowie als \u00dcbersetzung <strong>mit Beglaubigung<\/strong> eines beeidigten Gerichtsdolmetschers.<\/p>\n<p><a href=\"https:\/\/www.libar.info\/de\/kontakt\"><button class=\"btn3\" type=\"button\"><i class=\"fa fa-angle-double-right\" style=\"color: #d62d1c;\" aria-hidden=\"true\"><\/i> Angebot f\u00fcr schriftliche \u00dcbersetzung anfordern&#8230;<\/button><\/a><\/p>\n","protected":false},"excerpt":{"rendered":"<p>Eine schriftliche \u00dcbersetzung ist die schriftliche \u00dcbertragung eines Textes aus der Originalsprache in die Zielsprache. \u00dcbersetzungen werden nicht pro Seite <a class=\"read-more\" href=\"https:\/\/www.libar.info\/de\/uebersetzungen\/schriftliche-uebersetzungen\/\"><\/p>\n<p>Mehr&#8230;<\/a><\/p>\n","protected":false},"author":1,"featured_media":0,"parent":571,"menu_order":0,"comment_status":"closed","ping_status":"closed","template":"","meta":{"_acf_changed":false,"footnotes":""},"class_list":["post-551","page","type-page","status-publish","hentry"],"acf":[],"_links":{"self":[{"href":"https:\/\/www.libar.info\/de\/wp-json\/wp\/v2\/pages\/551","targetHints":{"allow":["GET"]}}],"collection":[{"href":"https:\/\/www.libar.info\/de\/wp-json\/wp\/v2\/pages"}],"about":[{"href":"https:\/\/www.libar.info\/de\/wp-json\/wp\/v2\/types\/page"}],"author":[{"embeddable":true,"href":"https:\/\/www.libar.info\/de\/wp-json\/wp\/v2\/users\/1"}],"replies":[{"embeddable":true,"href":"https:\/\/www.libar.info\/de\/wp-json\/wp\/v2\/comments?post=551"}],"version-history":[{"count":4,"href":"https:\/\/www.libar.info\/de\/wp-json\/wp\/v2\/pages\/551\/revisions"}],"predecessor-version":[{"id":581,"href":"https:\/\/www.libar.info\/de\/wp-json\/wp\/v2\/pages\/551\/revisions\/581"}],"up":[{"embeddable":true,"href":"https:\/\/www.libar.info\/de\/wp-json\/wp\/v2\/pages\/571"}],"wp:attachment":[{"href":"https:\/\/www.libar.info\/de\/wp-json\/wp\/v2\/media?parent=551"}],"curies":[{"name":"wp","href":"https:\/\/api.w.org\/{rel}","templated":true}]}}