{"id":554,"date":"2018-01-04T18:45:27","date_gmt":"2018-01-04T17:45:27","guid":{"rendered":"https:\/\/www.libar.info\/prijevod-sudskog-tumaca\/"},"modified":"2018-05-19T19:26:07","modified_gmt":"2018-05-19T17:26:07","slug":"beglaubigte-uebersetzungen","status":"publish","type":"page","link":"https:\/\/www.libar.info\/de\/uebersetzungen\/beglaubigte-uebersetzungen\/","title":{"rendered":"Beglaubigte \u00dcbersetzungen"},"content":{"rendered":"<p>Wenn sie eine hochwertige <strong>beglaubigte \u00dcbersetzung<\/strong> brauchen, sind sie am richtigen Ort! Die LIBAR Agentur f\u00fcr \u00dcbersetzungen ist befugt, Dienstleistungen als beeidigte Gerichtsdolmetscher in Bosnien und Herzegowina f\u00fcr alle Fremdsprachen zu erbringen. Schicken sie uns einfach ihr Dokument zur kostenlosen Bewertung, und wir melden uns innerhalb k\u00fcrzester Zeit!<\/p>\n<p><strong>Beglaubigte \u00dcbersetzungen<\/strong> werden von einem unserer beeidigten Gerichtsdolmetscher mit Unterschrift und Stempel beglaubigt, womit die \u00dcbereinstimmung der \u00dcbersetzung mit dem Original best\u00e4tigt wird.<\/p>\n<p><strong>Beeidigte Gerichtsdolmetscher <\/strong>werden vom zust\u00e4ndigen Gericht ernannt, und haben die Aufgabe, auf Anfrage von legalen und pers\u00f6nlichen Personen zu \u00fcbersetzen. Die LIBAR Agentur f\u00fcr \u00dcbersetzungen ist zur Erbringung von Dienstleistungen beeidigter Gerichtsdolmetscher registriert, und sichert f\u00fcr sie \u00dcbersetzungen aller beeidigten Gerichtsdolmetscher in kurz m\u00f6glichster Zeit.<\/p>\n<p>Wir bieten beglaubigte \u00dcbersetzungen f\u00fcr 27 Weltsprachen in eine der Amtssprachen in Bosnien und Herzegowina (Kroatisch, Bosnisch oder Serbisch), und umgekehrt, alles in Absprache mit dem Kunden.<\/p>\n<p><a href=\"https:\/\/www.libar.info\/de\/kontakt\"><button class=\"btn3\" type=\"button\"><i class=\"fa fa-angle-double-right\" style=\"color: #d62d1c;\" aria-hidden=\"true\"><\/i> Beglaubigte \u00dcbersetzung anfragen&#8230;<\/button><\/a><\/p>\n<p><strong>Welche Elemente beinhaltet eine beglaubigte \u00dcbersetzung?<\/strong><\/p>\n<p>Die Beglaubigung des beeidigten Gerichtsdolmetschers beinhaltet den Text der Beglaubigung, das Datum und den Ort der Beglaubigung, sowie die Unterschrift und den Stempel des beeidigten Gerichtsdolmetschers. Jeder beglaubigten \u00dcbersetzung wird eine Seriennummer im Register des entsprechenden beeidigten Gerichtsdolmetschers zugeteilt.<\/p>\n<p><strong>\u00dcbersetzungen die beglaubigt werden m\u00fcssen<\/strong><\/p>\n<p>Beglaubigte \u00dcbersetzungen sind bei Dokumenten n\u00f6tig, die zu amtlichen Zwecken genutzt werden, wie z.B. Vertr\u00e4ge, notariell bearbeitete Dokumente, Geburtsurkunden, Heiratsurkunden, Sterbeurkunden, Scheidungsurteile, Gerichtsbeschl\u00fcsse, Zeugnisse, Diploms, Notenabschriften, F\u00fchrungszeugnisse, Wohnsitzbest\u00e4tigungen, Vollmachten, Ausweise, Reisep\u00e4sse, F\u00fchrerscheine, Ausz\u00fcge aus Registern, Gewinn- und Verlustrechnungen, Zertifikate, Erkl\u00e4rungen, Staatsb\u00fcrgerschaftsnachweise, Niederschriften, Beschl\u00fcsse usw.<\/p>\n<p><strong>Wie wird die Beglaubigung eines beeidigten Gerichtsdolmetschers berechnet?<\/strong><\/p>\n<p>Die Beglaubigung ist im Preis inbegriffen.<\/p>\n<p><strong>Wie lange muss ich auf die \u00dcbersetzung warten?<\/strong><\/p>\n<p>Die Wartezeit h\u00e4ngt von der Menge und der Komplexit\u00e4t des zu \u00fcbersetzenden Textes ab. Die gew\u00f6hnliche Tagesmenge per \u00dcbersetzer sind 4 Textkarten aus der lokalen Sprache in die Fremdsprache, und 6 Textkarten aus der Fremdsprache in die lokale Sprache pro Arbeitstag.<\/p>\n<p><a href=\"https:\/\/www.libar.info\/de\/kontakt\"><button class=\"btn3\" type=\"button\"><i class=\"fa fa-angle-double-right\" style=\"color: #d62d1c;\" aria-hidden=\"true\"><\/i> Angebot f\u00fcr beglaubigte \u00dcbersetzung anfragen&#8230;<\/button><\/a><\/p>\n","protected":false},"excerpt":{"rendered":"<p>Wenn sie eine hochwertige beglaubigte \u00dcbersetzung brauchen, sind sie am richtigen Ort! Die LIBAR Agentur f\u00fcr \u00dcbersetzungen ist befugt, Dienstleistungen <a class=\"read-more\" href=\"https:\/\/www.libar.info\/de\/uebersetzungen\/beglaubigte-uebersetzungen\/\"><\/p>\n<p>Mehr&#8230;<\/a><\/p>\n","protected":false},"author":1,"featured_media":0,"parent":571,"menu_order":0,"comment_status":"closed","ping_status":"closed","template":"","meta":{"_acf_changed":false,"footnotes":""},"class_list":["post-554","page","type-page","status-publish","hentry"],"acf":[],"_links":{"self":[{"href":"https:\/\/www.libar.info\/de\/wp-json\/wp\/v2\/pages\/554","targetHints":{"allow":["GET"]}}],"collection":[{"href":"https:\/\/www.libar.info\/de\/wp-json\/wp\/v2\/pages"}],"about":[{"href":"https:\/\/www.libar.info\/de\/wp-json\/wp\/v2\/types\/page"}],"author":[{"embeddable":true,"href":"https:\/\/www.libar.info\/de\/wp-json\/wp\/v2\/users\/1"}],"replies":[{"embeddable":true,"href":"https:\/\/www.libar.info\/de\/wp-json\/wp\/v2\/comments?post=554"}],"version-history":[{"count":4,"href":"https:\/\/www.libar.info\/de\/wp-json\/wp\/v2\/pages\/554\/revisions"}],"predecessor-version":[{"id":583,"href":"https:\/\/www.libar.info\/de\/wp-json\/wp\/v2\/pages\/554\/revisions\/583"}],"up":[{"embeddable":true,"href":"https:\/\/www.libar.info\/de\/wp-json\/wp\/v2\/pages\/571"}],"wp:attachment":[{"href":"https:\/\/www.libar.info\/de\/wp-json\/wp\/v2\/media?parent=554"}],"curies":[{"name":"wp","href":"https:\/\/api.w.org\/{rel}","templated":true}]}}