{"id":557,"date":"2018-01-04T18:50:23","date_gmt":"2018-01-04T17:50:23","guid":{"rendered":"https:\/\/www.libar.info\/usmeni-prijevod\/"},"modified":"2018-05-19T19:26:24","modified_gmt":"2018-05-19T17:26:24","slug":"dolmetschen","status":"publish","type":"page","link":"https:\/\/www.libar.info\/de\/uebersetzungen\/dolmetschen\/","title":{"rendered":"Dolmetschen"},"content":{"rendered":"<p>Dolmetschen ist die <strong>\u00dcbertragung verbaler Kommunikation<\/strong> von der Originalsprache in die Zielsprache. Dabei handelt es sich nicht um die \u00dcbertragung einzelner Worte, sondern um die \u00dcbertragung des Inhaltes. Au\u00dfer der \u00dcbersetzung der Worte selbst, \u00fcbertr\u00e4gt der Dolmetscher die Bedeutung und den Sinn des Ausgesprochenen. Die h\u00e4ufigsten Formen sind das <strong>konsekutive und das simultane Dolmetschen<\/strong>. F\u00fcr Dolmetschen ist es \u00e4u\u00dferst wichtig, rechtzeitig \u00fcber die geplanten Termine und die Dauer des Dolmetschen informiert zu sein, und den Dolmetschern alle n\u00f6tigen Materialien zur Vorbereitung zu Verf\u00fcgung zu stellen.<\/p>\n<p><strong>Wie wird Dolmetschen berechnet?<\/strong><\/p>\n<p>Dolmetschen wird <strong>pro Tagessatz oder Stundensatz<\/strong> berechnet, abh\u00e4ngig von der Sprache und der Art des Dolmetschen. Falls notwendig, tr\u00e4gt der Kunde alle Nebenkosten (Transportkosten, Unterkunft, Verpflegung) w\u00e4hrend dem Engagement.<\/p>\n<p><strong>Was ist Simultandolmetschen?<\/strong><\/p>\n<p>Simultandolmetschen ist die professionellste Art des Dolmetschen. Beim Simultandolmetschen gibt es keine Pausen und man versteht darunter die <strong>fast gleichzeitige \u00dcbersetzung des Ausgangstextes in die Zielsprache<\/strong>, bei welchem sich der Dolmetscher meist in einer Dolmetschkabine befindet. Dolmetscher mit speziellen Qualifikationen arbeiten im Paar und wechseln sich ab. Sie \u00fcbersetzen in schalldichten Kabinen, in welchen sie \u00fcber Kopfh\u00f6rer den Sprecher h\u00f6ren, und fast gleichzeitig m\u00fcndlich in die Zielsprache \u00fcbersetzen.<\/p>\n<p>Diese Art von Dolmetschen ist ideal f\u00fcr mehrsprachige Konferenzen, fordert aber eine spezielle Art von Ausr\u00fcstung (Kopfh\u00f6rer und Mikrofon), welche der Veranstalter selbst bereitstellen kann oder in Absprache mit uns.<\/p>\n<p><a href=\"https:\/\/www.libar.info\/de\/kontakt\"><button class=\"btn3\" type=\"button\"><i class=\"fa fa-angle-double-right\" style=\"color: #d62d1c;\" aria-hidden=\"true\"><\/i> Angebot f\u00fcr Simultandolmetschen anfragen&#8230;<\/button><\/a><\/p>\n<p><strong>Was ist Konsekutivdolmetschen?<\/strong><\/p>\n<p><strong>\u00a0<\/strong>Konsekutivdolmetschen ist eine Art von Dolmetschen bei dem der <strong>Dolmetscher sich Notizen macht<\/strong>, w\u00e4hrend der Sprecher spricht, und wenn dieser fertig ist (meist in vereinbarten Abst\u00e4nden) legt der Dolmetscher eine Zusammenfassung des Gesprochenen dar. Diese Art von Dolmetschen ist ideal f\u00fcr kleinere Gruppen. Daf\u00fcr ist keine spezielle Ausr\u00fcstung n\u00f6tig.<\/p>\n<p>Dolmetschen mit Begleitung ist eine Unterart des Konsekutivdolmetschens. Wenn es sich um ganzt\u00e4giges oder mehrt\u00e4giges Konsekutivdolmetschen handelt, ist ein Team von zwei Dolmetschern n\u00f6tig.<\/p>\n<p><a href=\"https:\/\/www.libar.info\/de\/kontakt\"><button class=\"btn3\" type=\"button\"><i class=\"fa fa-angle-double-right\" style=\"color: #d62d1c;\" aria-hidden=\"true\"><\/i> Angebot f\u00fcr Konsekutivdolmetschen anfragen&#8230;<\/button><\/a><\/p>\n<p><strong>Pers\u00f6nlicher Dolmetscher \/ Fl\u00fcsterdolmetschen<\/strong><\/p>\n<p>Ein pers\u00f6nlicher Dolmetscher <strong>begleitet eine Gruppe oder eine Einzelperson bei einer Reise oder zu einem Event<\/strong>, und ist Vermittler bei der Kommunikation, steht w\u00e4hrend dem ganzen Event zur Verf\u00fcgung, und bietet Unterst\u00fctzung in der Fremdsprache, um sich in verschiedenen Situationen zurechtzufinden.<\/p>\n<p><a href=\"https:\/\/www.libar.info\/de\/kontakt\"><button class=\"btn3\" type=\"button\"><i class=\"fa fa-angle-double-right\" style=\"color: #d62d1c;\" aria-hidden=\"true\"><\/i> Angebot f\u00fcr Fl\u00fcsterdolmetschen anfragen&#8230;<\/button><\/a><\/p>\n","protected":false},"excerpt":{"rendered":"<p>Dolmetschen ist die \u00dcbertragung verbaler Kommunikation von der Originalsprache in die Zielsprache. Dabei handelt es sich nicht um die \u00dcbertragung <a class=\"read-more\" href=\"https:\/\/www.libar.info\/de\/uebersetzungen\/dolmetschen\/\"><\/p>\n<p>Mehr&#8230;<\/a><\/p>\n","protected":false},"author":1,"featured_media":0,"parent":571,"menu_order":0,"comment_status":"closed","ping_status":"closed","template":"","meta":{"_acf_changed":false,"footnotes":""},"class_list":["post-557","page","type-page","status-publish","hentry"],"acf":[],"_links":{"self":[{"href":"https:\/\/www.libar.info\/de\/wp-json\/wp\/v2\/pages\/557","targetHints":{"allow":["GET"]}}],"collection":[{"href":"https:\/\/www.libar.info\/de\/wp-json\/wp\/v2\/pages"}],"about":[{"href":"https:\/\/www.libar.info\/de\/wp-json\/wp\/v2\/types\/page"}],"author":[{"embeddable":true,"href":"https:\/\/www.libar.info\/de\/wp-json\/wp\/v2\/users\/1"}],"replies":[{"embeddable":true,"href":"https:\/\/www.libar.info\/de\/wp-json\/wp\/v2\/comments?post=557"}],"version-history":[{"count":6,"href":"https:\/\/www.libar.info\/de\/wp-json\/wp\/v2\/pages\/557\/revisions"}],"predecessor-version":[{"id":587,"href":"https:\/\/www.libar.info\/de\/wp-json\/wp\/v2\/pages\/557\/revisions\/587"}],"up":[{"embeddable":true,"href":"https:\/\/www.libar.info\/de\/wp-json\/wp\/v2\/pages\/571"}],"wp:attachment":[{"href":"https:\/\/www.libar.info\/de\/wp-json\/wp\/v2\/media?parent=557"}],"curies":[{"name":"wp","href":"https:\/\/api.w.org\/{rel}","templated":true}]}}