{"id":560,"date":"2018-01-04T18:58:49","date_gmt":"2018-01-04T17:58:49","guid":{"rendered":"https:\/\/www.libar.info\/lektura-i-korektura\/"},"modified":"2018-05-19T19:26:52","modified_gmt":"2018-05-19T17:26:52","slug":"lektorat-und-korrektorat","status":"publish","type":"page","link":"https:\/\/www.libar.info\/de\/uebersetzungen\/lektorat-und-korrektorat\/","title":{"rendered":"Lektorat und Korrektorat"},"content":{"rendered":"<p>Das Lektorat ist die grammatikalische, rechtschreibliche und stilistische Bearbeitung von Texten, die Anpassung von Texten im Geiste der Sprache, mit Beratung mit dem Autor \u00fcber bessere Sprachl\u00f6sungen.<\/p>\n<p>Das Korrektorat ist die Korrektur von Druckfehlern, \u00a0Tippfehlern, und Interpunktionsfehlern.<\/p>\n<p>Um das richtige Verst\u00e4ndnis zu sichern, sollte jeder Text bearbeitet werden, beginnend von Fachtexten, bis hinzu Lehrb\u00fcchern, Berichten, Literaturtexten, Werbetexten, Pr\u00e4sentationen und Internetseiten.<\/p>\n<p>Damit sich der Text von seiner besten Seite zeigen kann, muss er durch das <strong>Lektorat<\/strong> und <strong>Korrektorat<\/strong>.<\/p>\n<p><a href=\"https:\/\/www.libar.info\/de\/kontakt\"><button class=\"btn3\" type=\"button\"><i class=\"fa fa-angle-double-right\" style=\"color: #d62d1c;\" aria-hidden=\"true\"><\/i> Lektorat und Korrektorat anfragen&#8230;<\/button><\/a><\/p>\n","protected":false},"excerpt":{"rendered":"<p>Das Lektorat ist die grammatikalische, rechtschreibliche und stilistische Bearbeitung von Texten, die Anpassung von Texten im Geiste der Sprache, mit <a class=\"read-more\" href=\"https:\/\/www.libar.info\/de\/uebersetzungen\/lektorat-und-korrektorat\/\"><\/p>\n<p>Mehr&#8230;<\/a><\/p>\n","protected":false},"author":1,"featured_media":0,"parent":571,"menu_order":0,"comment_status":"closed","ping_status":"closed","template":"","meta":{"_acf_changed":false,"footnotes":""},"class_list":["post-560","page","type-page","status-publish","hentry"],"acf":[],"_links":{"self":[{"href":"https:\/\/www.libar.info\/de\/wp-json\/wp\/v2\/pages\/560","targetHints":{"allow":["GET"]}}],"collection":[{"href":"https:\/\/www.libar.info\/de\/wp-json\/wp\/v2\/pages"}],"about":[{"href":"https:\/\/www.libar.info\/de\/wp-json\/wp\/v2\/types\/page"}],"author":[{"embeddable":true,"href":"https:\/\/www.libar.info\/de\/wp-json\/wp\/v2\/users\/1"}],"replies":[{"embeddable":true,"href":"https:\/\/www.libar.info\/de\/wp-json\/wp\/v2\/comments?post=560"}],"version-history":[{"count":3,"href":"https:\/\/www.libar.info\/de\/wp-json\/wp\/v2\/pages\/560\/revisions"}],"predecessor-version":[{"id":589,"href":"https:\/\/www.libar.info\/de\/wp-json\/wp\/v2\/pages\/560\/revisions\/589"}],"up":[{"embeddable":true,"href":"https:\/\/www.libar.info\/de\/wp-json\/wp\/v2\/pages\/571"}],"wp:attachment":[{"href":"https:\/\/www.libar.info\/de\/wp-json\/wp\/v2\/media?parent=560"}],"curies":[{"name":"wp","href":"https:\/\/api.w.org\/{rel}","templated":true}]}}