{"id":562,"date":"2017-12-27T15:42:44","date_gmt":"2017-12-27T14:42:44","guid":{"rendered":"https:\/\/www.libar.info\/o-nama\/"},"modified":"2018-05-19T19:25:55","modified_gmt":"2018-05-19T17:25:55","slug":"ueber-uns","status":"publish","type":"page","link":"https:\/\/www.libar.info\/de\/ueber-uns\/","title":{"rendered":"\u00dcber uns"},"content":{"rendered":"<p>Die LIBAR Agentur ist der f\u00fchrende Leistungsanbieter f\u00fcr \u00dcbersetzungen in Bosnien und Herzegowina. Wir bieten \u00dcbersetzungen und Dolmetschen f\u00fcr <strong>27 Sprachen<\/strong> in die offiziellen Sprachen Bosnien und Herzegowinas (Kroatisch, Bosnisch und Serbisch) an, und umgekehrt.<\/p>\n<p>Wir besitzen die n\u00f6tigen Fachkompetenzen und die technische Ausr\u00fcstung, um auf jede Anfrage unserer Kunden antworten zu k\u00f6nnen, und halten dabei die vereinbarten Fristen ein und bieten h\u00f6chste Qualit\u00e4t an.<\/p>\n<p><img loading=\"lazy\" decoding=\"async\" class=\"alignnone size-full wp-image-22\" src=\"https:\/\/www.libar.info\/wp-content\/uploads\/2018\/01\/hello-1.jpg\" alt=\"Hello banner\" width=\"800\" height=\"245\" srcset=\"https:\/\/www.libar.info\/wp-content\/uploads\/2018\/01\/hello-1.jpg 800w, https:\/\/www.libar.info\/wp-content\/uploads\/2018\/01\/hello-1-600x184.jpg 600w, https:\/\/www.libar.info\/wp-content\/uploads\/2018\/01\/hello-1-768x235.jpg 768w\" sizes=\"auto, (max-width: 800px) 100vw, 800px\" \/><\/p>\n<p><strong>Unser Slogan:<\/strong>\u00a0Der k\u00fcrzeste Weg zur Fremdsprache!<\/p>\n<p><strong>Unsere Mission:<\/strong>\u00a0Aufbau eines Zentrums f\u00fcr Bildung und \u00dcbersetzungen, mit dem Ziel die Konkurrenzf\u00e4higkeit zwischen Menschen und Unternehmen zu erh\u00f6hen.<\/p>\n<p><strong>Unsere Vision:<\/strong>\u00a0regionaler F\u00fchrer f\u00fcr Sprachenservice.<\/p>\n<p><strong>Unser Expertenteam<\/strong>, bestehend aus Professoren f\u00fcr Fremdsprachen, Muttersprachlern und beeidigten Gerichtsdolmetschern, garantiert die h\u00f6chste Qualit\u00e4t. Unsere Mitarbeiter haben viele Trainingsprograme abgeschlossen, und dadurch zus\u00e4tzliche F\u00e4higkeiten erworben.<\/p>\n<p><strong>Unsere St\u00e4rke<\/strong>\u00a0sind unsere Mitarbeiter und Fachangestellte. Ohne deren Wissen, Kreativit\u00e4t und Professionalit\u00e4t, k\u00f6nnte unsere Agentur ihre Ziele nicht erreichen, und ihr Vertrauen nicht rechtfertigen<\/p>\n<p><strong>Anders als andere<\/strong>:<br \/>\nDurch kontinuierliche Qualit\u00e4tssicherungsverfahren unserer Dienstleistungen, direkt von unseren Kunden, m\u00f6chten wir einen Service errichten, der auf die W\u00fcnsche unserer Kunden zugeschnitten ist, und so alle Erwartungen rechtfertigen.<\/p>\n<p><a href=\"https:\/\/www.libar.info\/de\/unsere-benutzer\/\"><strong>Unsere Referenzliste&#8230;<\/strong><\/a><\/p>\n","protected":false},"excerpt":{"rendered":"<p>Die LIBAR Agentur ist der f\u00fchrende Leistungsanbieter f\u00fcr \u00dcbersetzungen in Bosnien und Herzegowina. Wir bieten \u00dcbersetzungen und Dolmetschen f\u00fcr 27 <a class=\"read-more\" href=\"https:\/\/www.libar.info\/de\/ueber-uns\/\"><\/p>\n<p>Mehr&#8230;<\/a><\/p>\n","protected":false},"author":1,"featured_media":0,"parent":0,"menu_order":0,"comment_status":"closed","ping_status":"closed","template":"","meta":{"_acf_changed":false,"footnotes":""},"class_list":["post-562","page","type-page","status-publish","hentry"],"acf":[],"_links":{"self":[{"href":"https:\/\/www.libar.info\/de\/wp-json\/wp\/v2\/pages\/562","targetHints":{"allow":["GET"]}}],"collection":[{"href":"https:\/\/www.libar.info\/de\/wp-json\/wp\/v2\/pages"}],"about":[{"href":"https:\/\/www.libar.info\/de\/wp-json\/wp\/v2\/types\/page"}],"author":[{"embeddable":true,"href":"https:\/\/www.libar.info\/de\/wp-json\/wp\/v2\/users\/1"}],"replies":[{"embeddable":true,"href":"https:\/\/www.libar.info\/de\/wp-json\/wp\/v2\/comments?post=562"}],"version-history":[{"count":5,"href":"https:\/\/www.libar.info\/de\/wp-json\/wp\/v2\/pages\/562\/revisions"}],"predecessor-version":[{"id":592,"href":"https:\/\/www.libar.info\/de\/wp-json\/wp\/v2\/pages\/562\/revisions\/592"}],"wp:attachment":[{"href":"https:\/\/www.libar.info\/de\/wp-json\/wp\/v2\/media?parent=562"}],"curies":[{"name":"wp","href":"https:\/\/api.w.org\/{rel}","templated":true}]}}