{"id":565,"date":"2018-01-04T19:15:31","date_gmt":"2018-01-04T18:15:31","guid":{"rendered":"https:\/\/www.libar.info\/ljetna-skola-engleskog-jezika-u-velikoj-britaniji\/"},"modified":"2018-05-19T19:27:39","modified_gmt":"2018-05-19T17:27:39","slug":"sommerschule-fuer-englisch","status":"publish","type":"page","link":"https:\/\/www.libar.info\/de\/sommerschule-fuer-englisch\/","title":{"rendered":"Sommerschule f\u00fcr Englisch"},"content":{"rendered":"<p>Die LIBAR Agentur ist seit 2011 offizieller Vertreter von Studio Cambridge f\u00fcr Bosnien und Herzegowina f\u00fcr die Sommerschule f\u00fcr Englisch in Gro\u00dfbritannien. Das Programm ist f\u00fcr Sch\u00fcler im Alter von 12 bis 19 Jahren angepasst.<\/p>\n<p>Jedes Jahr reisen Kinder aus Bosnien und Herzegowina in unserer Organisation zur Sommerschule f\u00fcr Englisch in Gro\u00dfbritannien, bzw. Cambridge.<\/p>\n<p>Der komplette Organisationsprozess wird in Zusammenarbeit mit Studio Cambridge abgewickelt \u2013 auf einem sehr hohen Niveau, professionell und zuverl\u00e4ssig.<\/p>\n<p>Viele unserer Sch\u00fcler entscheiden sich mehrere Jahre hintereinander f\u00fcr die Reise nach Cambridge mit uns, und geben uns ihr volles Vertrauen.<\/p>\n<p>Mehr \u00fcber unsere Erfahrungen in Gro\u00dfbritannien auf <a href=\"http:\/\/cambridge.libar.info\" target=\"_blank\" rel=\"noopener\">http:\/\/cambridge.libar.info<\/a>.<\/p>\n","protected":false},"excerpt":{"rendered":"<p>Die LIBAR Agentur ist seit 2011 offizieller Vertreter von Studio Cambridge f\u00fcr Bosnien und Herzegowina f\u00fcr die Sommerschule f\u00fcr Englisch <a class=\"read-more\" href=\"https:\/\/www.libar.info\/de\/sommerschule-fuer-englisch\/\"><\/p>\n<p>Mehr&#8230;<\/a><\/p>\n","protected":false},"author":1,"featured_media":0,"parent":0,"menu_order":0,"comment_status":"closed","ping_status":"closed","template":"","meta":{"_acf_changed":false,"footnotes":""},"class_list":["post-565","page","type-page","status-publish","hentry"],"acf":[],"_links":{"self":[{"href":"https:\/\/www.libar.info\/de\/wp-json\/wp\/v2\/pages\/565","targetHints":{"allow":["GET"]}}],"collection":[{"href":"https:\/\/www.libar.info\/de\/wp-json\/wp\/v2\/pages"}],"about":[{"href":"https:\/\/www.libar.info\/de\/wp-json\/wp\/v2\/types\/page"}],"author":[{"embeddable":true,"href":"https:\/\/www.libar.info\/de\/wp-json\/wp\/v2\/users\/1"}],"replies":[{"embeddable":true,"href":"https:\/\/www.libar.info\/de\/wp-json\/wp\/v2\/comments?post=565"}],"version-history":[{"count":6,"href":"https:\/\/www.libar.info\/de\/wp-json\/wp\/v2\/pages\/565\/revisions"}],"predecessor-version":[{"id":627,"href":"https:\/\/www.libar.info\/de\/wp-json\/wp\/v2\/pages\/565\/revisions\/627"}],"wp:attachment":[{"href":"https:\/\/www.libar.info\/de\/wp-json\/wp\/v2\/media?parent=565"}],"curies":[{"name":"wp","href":"https:\/\/api.w.org\/{rel}","templated":true}]}}