{"id":571,"date":"2018-01-05T19:18:09","date_gmt":"2018-01-05T18:18:09","guid":{"rendered":"https:\/\/www.libar.info\/prijevodi\/"},"modified":"2018-05-21T13:43:47","modified_gmt":"2018-05-21T11:43:47","slug":"uebersetzungen","status":"publish","type":"page","link":"https:\/\/www.libar.info\/de\/uebersetzungen\/","title":{"rendered":"\u00dcbersetzungen"},"content":{"rendered":"<p>Die LIBAR Agentur f\u00fcr \u00dcbersetzungen ist ein spezialisiertes Outsourcing-\u00dcbersetzungszentrum, welches f\u00fcr seine Kunden umfangreiche \u00dcbersetzungsdienstleistungen und Unterst\u00fctzung f\u00fcr 27 Weltsprachen bietet.<\/p>\n<p>Wir haben die n\u00f6tige Erfahrung, das Wissen und die Professionalit\u00e4t, um auf jede Anfrage f\u00fcr \u00dcbersetzungen oder Dolmetschen antworten zu k\u00f6nnen.<\/p>\n<table>\n<tbody>\n<tr>\n<td colspan=\"4\"><strong>\u00dcbersetzung ins\/aus dem: Kroatischen, Bosnischen und Serbischen<\/strong><\/td>\n<\/tr>\n<tr>\n<td><strong>Sprache<\/strong><\/td>\n<td>\u00dcbersetzung in<\/td>\n<td style=\"text-align: center;\">\u00dcbersetzung aus<\/td>\n<td style=\"text-align: center;\">Beglaubigte \u00dcbersetzung<\/td>\n<\/tr>\n<tr>\n<td>Englisch<\/td>\n<td style=\"text-align: center;\"><i class=\"fa fa-check\" style=\"color: #d62d1c;\"><!-- icon --><\/i><\/td>\n<td style=\"text-align: center;\"><i class=\"fa fa-check\" style=\"color: #d62d1c;\"><!-- icon --><\/i><\/td>\n<td style=\"text-align: center;\"><i class=\"fa fa-check\" style=\"color: #d62d1c;\"><!-- icon --><\/i><\/td>\n<\/tr>\n<tr>\n<td>Deutsch<\/td>\n<td style=\"text-align: center;\"><i class=\"fa fa-check\" style=\"color: #d62d1c;\"><!-- icon --><\/i><\/td>\n<td style=\"text-align: center;\"><i class=\"fa fa-check\" style=\"color: #d62d1c;\"><!-- icon --><\/i><\/td>\n<td style=\"text-align: center;\"><i class=\"fa fa-check\" style=\"color: #d62d1c;\"><!-- icon --><\/i><\/td>\n<\/tr>\n<tr>\n<td>Italienisch<\/td>\n<td style=\"text-align: center;\"><i class=\"fa fa-check\" style=\"color: #d62d1c;\"><!-- icon --><\/i><\/td>\n<td style=\"text-align: center;\"><i class=\"fa fa-check\" style=\"color: #d62d1c;\"><!-- icon --><\/i><\/td>\n<td style=\"text-align: center;\"><i class=\"fa fa-check\" style=\"color: #d62d1c;\"><!-- icon --><\/i><\/td>\n<\/tr>\n<tr>\n<td>Franz\u00f6sisch<\/td>\n<td style=\"text-align: center;\"><i class=\"fa fa-check\" style=\"color: #d62d1c;\"><!-- icon --><\/i><\/td>\n<td style=\"text-align: center;\"><i class=\"fa fa-check\" style=\"color: #d62d1c;\"><!-- icon --><\/i><\/td>\n<td style=\"text-align: center;\"><i class=\"fa fa-check\" style=\"color: #d62d1c;\"><!-- icon --><\/i><\/td>\n<\/tr>\n<tr>\n<td>Slowenisch<\/td>\n<td style=\"text-align: center;\"><i class=\"fa fa-check\" style=\"color: #d62d1c;\"><!-- icon --><\/i><\/td>\n<td style=\"text-align: center;\"><i class=\"fa fa-check\" style=\"color: #d62d1c;\"><!-- icon --><\/i><\/td>\n<td style=\"text-align: center;\"><i class=\"fa fa-check\" style=\"color: #d62d1c;\"><!-- icon --><\/i><\/td>\n<\/tr>\n<tr>\n<td>Spanisch<\/td>\n<td style=\"text-align: center;\"><i class=\"fa fa-check\" style=\"color: #d62d1c;\"><!-- icon --><\/i><\/td>\n<td style=\"text-align: center;\"><i class=\"fa fa-check\" style=\"color: #d62d1c;\"><!-- icon --><\/i><\/td>\n<td style=\"text-align: center;\"><i class=\"fa fa-check\" style=\"color: #d62d1c;\"><!-- icon --><\/i><\/td>\n<\/tr>\n<tr>\n<td>T\u00fcrkisch<\/td>\n<td style=\"text-align: center;\"><i class=\"fa fa-check\" style=\"color: #d62d1c;\"><!-- icon --><\/i><\/td>\n<td style=\"text-align: center;\"><i class=\"fa fa-check\" style=\"color: #d62d1c;\"><!-- icon --><\/i><\/td>\n<td style=\"text-align: center;\"><i class=\"fa fa-check\" style=\"color: #d62d1c;\"><!-- icon --><\/i><\/td>\n<\/tr>\n<tr>\n<td>Holl\u00e4ndisch<\/td>\n<td style=\"text-align: center;\"><i class=\"fa fa-check\" style=\"color: #d62d1c;\"><!-- icon --><\/i><\/td>\n<td style=\"text-align: center;\"><i class=\"fa fa-check\" style=\"color: #d62d1c;\"><!-- icon --><\/i><\/td>\n<td style=\"text-align: center;\"><i class=\"fa fa-check\" style=\"color: #d62d1c;\"><!-- icon --><\/i><\/td>\n<\/tr>\n<tr>\n<td>D\u00e4nisch<\/td>\n<td style=\"text-align: center;\"><i class=\"fa fa-check\" style=\"color: #d62d1c;\"><!-- icon --><\/i><\/td>\n<td style=\"text-align: center;\"><i class=\"fa fa-check\" style=\"color: #d62d1c;\"><!-- icon --><\/i><\/td>\n<td style=\"text-align: center;\"><i class=\"fa fa-check\" style=\"color: #d62d1c;\"><!-- icon --><\/i><\/td>\n<\/tr>\n<tr>\n<td>Tschechisch<\/td>\n<td style=\"text-align: center;\"><i class=\"fa fa-check\" style=\"color: #d62d1c;\"><!-- icon --><\/i><\/td>\n<td style=\"text-align: center;\"><i class=\"fa fa-check\" style=\"color: #d62d1c;\"><!-- icon --><\/i><\/td>\n<td style=\"text-align: center;\"><i class=\"fa fa-check\" style=\"color: #d62d1c;\"><!-- icon --><\/i><\/td>\n<\/tr>\n<tr>\n<td>Schwedisch<\/td>\n<td style=\"text-align: center;\"><i class=\"fa fa-check\" style=\"color: #d62d1c;\"><!-- icon --><\/i><\/td>\n<td style=\"text-align: center;\"><i class=\"fa fa-check\" style=\"color: #d62d1c;\"><!-- icon --><\/i><\/td>\n<td style=\"text-align: center;\"><i class=\"fa fa-check\" style=\"color: #d62d1c;\"><!-- icon --><\/i><\/td>\n<\/tr>\n<tr>\n<td>Ungarisch<\/td>\n<td style=\"text-align: center;\"><i class=\"fa fa-check\" style=\"color: #d62d1c;\"><!-- icon --><\/i><\/td>\n<td style=\"text-align: center;\"><i class=\"fa fa-check\" style=\"color: #d62d1c;\"><!-- icon --><\/i><\/td>\n<td style=\"text-align: center;\"><i class=\"fa fa-check\" style=\"color: #d62d1c;\"><!-- icon --><\/i><\/td>\n<\/tr>\n<tr>\n<td>Norwegisch<\/td>\n<td style=\"text-align: center;\"><i class=\"fa fa-check\" style=\"color: #d62d1c;\"><!-- icon --><\/i><\/td>\n<td style=\"text-align: center;\"><i class=\"fa fa-check\" style=\"color: #d62d1c;\"><!-- icon --><\/i><\/td>\n<td style=\"text-align: center;\"><i class=\"fa fa-check\" style=\"color: #d62d1c;\"><!-- icon --><\/i><\/td>\n<\/tr>\n<tr>\n<td>Russisch<\/td>\n<td style=\"text-align: center;\"><i class=\"fa fa-check\" style=\"color: #d62d1c;\"><!-- icon --><\/i><\/td>\n<td style=\"text-align: center;\"><i class=\"fa fa-check\" style=\"color: #d62d1c;\"><!-- icon --><\/i><\/td>\n<td style=\"text-align: center;\"><i class=\"fa fa-check\" style=\"color: #d62d1c;\"><!-- icon --><\/i><\/td>\n<\/tr>\n<tr>\n<td>Slowakisch<\/td>\n<td style=\"text-align: center;\"><i class=\"fa fa-check\" style=\"color: #d62d1c;\"><!-- icon --><\/i><\/td>\n<td style=\"text-align: center;\"><i class=\"fa fa-check\" style=\"color: #d62d1c;\"><!-- icon --><\/i><\/td>\n<td style=\"text-align: center;\"><i class=\"fa fa-check\" style=\"color: #d62d1c;\"><!-- icon --><\/i><\/td>\n<\/tr>\n<tr>\n<td>Portugiesisch<\/td>\n<td style=\"text-align: center;\"><i class=\"fa fa-check\" style=\"color: #d62d1c;\"><!-- icon --><\/i><\/td>\n<td style=\"text-align: center;\"><i class=\"fa fa-check\" style=\"color: #d62d1c;\"><!-- icon --><\/i><\/td>\n<td style=\"text-align: center;\"><i class=\"fa fa-check\" style=\"color: #d62d1c;\"><!-- icon --><\/i><\/td>\n<\/tr>\n<tr>\n<td>Ukrainisch<\/td>\n<td style=\"text-align: center;\"><i class=\"fa fa-check\" style=\"color: #d62d1c;\"><!-- icon --><\/i><\/td>\n<td style=\"text-align: center;\"><i class=\"fa fa-check\" style=\"color: #d62d1c;\"><!-- icon --><\/i><\/td>\n<td style=\"text-align: center;\"><i class=\"fa fa-check\" style=\"color: #d62d1c;\"><!-- icon --><\/i><\/td>\n<\/tr>\n<tr>\n<td>Wei\u00dfrussisch<\/td>\n<td style=\"text-align: center;\"><i class=\"fa fa-check\" style=\"color: #d62d1c;\"><!-- icon --><\/i><\/td>\n<td style=\"text-align: center;\"><i class=\"fa fa-check\" style=\"color: #d62d1c;\"><!-- icon --><\/i><\/td>\n<td style=\"text-align: center;\"><i class=\"fa fa-check\" style=\"color: #d62d1c;\"><!-- icon --><\/i><\/td>\n<\/tr>\n<tr>\n<td>Polnisch<\/td>\n<td style=\"text-align: center;\"><i class=\"fa fa-check\" style=\"color: #d62d1c;\"><!-- icon --><\/i><\/td>\n<td style=\"text-align: center;\"><i class=\"fa fa-check\" style=\"color: #d62d1c;\"><!-- icon --><\/i><\/td>\n<td style=\"text-align: center;\"><i class=\"fa fa-check\" style=\"color: #d62d1c;\"><!-- icon --><\/i><\/td>\n<\/tr>\n<tr>\n<td>Bulgarisch<\/td>\n<td style=\"text-align: center;\"><i class=\"fa fa-check\" style=\"color: #d62d1c;\"><!-- icon --><\/i><\/td>\n<td style=\"text-align: center;\"><i class=\"fa fa-check\" style=\"color: #d62d1c;\"><!-- icon --><\/i><\/td>\n<td style=\"text-align: center;\"><i class=\"fa fa-check\" style=\"color: #d62d1c;\"><!-- icon --><\/i><\/td>\n<\/tr>\n<tr>\n<td>Mazedonisch<\/td>\n<td style=\"text-align: center;\"><i class=\"fa fa-check\" style=\"color: #d62d1c;\"><!-- icon --><\/i><\/td>\n<td style=\"text-align: center;\"><i class=\"fa fa-check\" style=\"color: #d62d1c;\"><!-- icon --><\/i><\/td>\n<td style=\"text-align: center;\"><i class=\"fa fa-check\" style=\"color: #d62d1c;\"><!-- icon --><\/i><\/td>\n<\/tr>\n<tr>\n<td>Chinesisch<\/td>\n<td style=\"text-align: center;\"><i class=\"fa fa-check\" style=\"color: #d62d1c;\"><!-- icon --><\/i><\/td>\n<td style=\"text-align: center;\"><i class=\"fa fa-check\" style=\"color: #d62d1c;\"><!-- icon --><\/i><\/td>\n<td style=\"text-align: center;\"><i class=\"fa fa-check\" style=\"color: #d62d1c;\"><!-- icon --><\/i><\/td>\n<\/tr>\n<tr>\n<td>Japanisch<\/td>\n<td style=\"text-align: center;\"><i class=\"fa fa-check\" style=\"color: #d62d1c;\"><!-- icon --><\/i><\/td>\n<td style=\"text-align: center;\"><i class=\"fa fa-check\" style=\"color: #d62d1c;\"><!-- icon --><\/i><\/td>\n<td style=\"text-align: center;\"><i class=\"fa fa-check\" style=\"color: #d62d1c;\"><!-- icon --><\/i><\/td>\n<\/tr>\n<tr>\n<td>Rum\u00e4nisch<\/td>\n<td style=\"text-align: center;\"><i class=\"fa fa-check\" style=\"color: #d62d1c;\"><!-- icon --><\/i><\/td>\n<td style=\"text-align: center;\"><i class=\"fa fa-check\" style=\"color: #d62d1c;\"><!-- icon --><\/i><\/td>\n<td style=\"text-align: center;\"><i class=\"fa fa-check\" style=\"color: #d62d1c;\"><!-- icon --><\/i><\/td>\n<\/tr>\n<tr>\n<td>Albanisch<\/td>\n<td style=\"text-align: center;\"><i class=\"fa fa-check\" style=\"color: #d62d1c;\"><!-- icon --><\/i><\/td>\n<td style=\"text-align: center;\"><i class=\"fa fa-check\" style=\"color: #d62d1c;\"><!-- icon --><\/i><\/td>\n<td style=\"text-align: center;\"><i class=\"fa fa-check\" style=\"color: #d62d1c;\"><!-- icon --><\/i><\/td>\n<\/tr>\n<tr>\n<td>Arabisch<\/td>\n<td style=\"text-align: center;\"><i class=\"fa fa-check\" style=\"color: #d62d1c;\"><!-- icon --><\/i><\/td>\n<td style=\"text-align: center;\"><i class=\"fa fa-check\" style=\"color: #d62d1c;\"><!-- icon --><\/i><\/td>\n<td style=\"text-align: center;\"><i class=\"fa fa-check\" style=\"color: #d62d1c;\"><!-- icon --><\/i><\/td>\n<\/tr>\n<tr>\n<td>Hebr\u00e4isch<\/td>\n<td style=\"text-align: center;\"><i class=\"fa fa-check\" style=\"color: #d62d1c;\"><!-- icon --><\/i><\/td>\n<td style=\"text-align: center;\"><i class=\"fa fa-check\" style=\"color: #d62d1c;\"><!-- icon --><\/i><\/td>\n<td style=\"text-align: center;\"><i class=\"fa fa-check\" style=\"color: #d62d1c;\"><!-- icon --><\/i><\/td>\n<\/tr>\n<tr>\n<td>Persisch<\/td>\n<td style=\"text-align: center;\"><i class=\"fa fa-check\" style=\"color: #d62d1c;\"><!-- icon --><\/i><\/td>\n<td style=\"text-align: center;\"><i class=\"fa fa-check\" style=\"color: #d62d1c;\"><!-- icon --><\/i><\/td>\n<td style=\"text-align: center;\"><i class=\"fa fa-check\" style=\"color: #d62d1c;\"><!-- icon --><\/i><\/td>\n<\/tr>\n<\/tbody>\n<\/table>\n<p>&nbsp;<\/p>\n<table>\n<tbody>\n<tr>\n<td colspan=\"2\">\u00dcbersetzungen zwischen zwei Fremdsprachen<\/td>\n<\/tr>\n<tr>\n<td>Ins Englische\/aus dem Englischen<\/td>\n<td style=\"text-align: right;\">Deutsch, Franz\u00f6sisch, Italienisch, Spanisch und Russisch<\/td>\n<\/tr>\n<\/tbody>\n<\/table>\n<p>&nbsp;<\/p>\n<table>\n<tbody>\n<tr>\n<td colspan=\"3\">Dolmetschen<\/td>\n<\/tr>\n<tr>\n<td>Sprache<\/td>\n<td style=\"text-align: center;\">Konsekutiv<\/td>\n<td style=\"text-align: center;\">Simultan<\/td>\n<\/tr>\n<tr>\n<td>Englisch und Deutsch<\/td>\n<td style=\"text-align: center;\"><i class=\"fa fa-check\" style=\"color: #d62d1c;\"><!-- icon --><\/i><\/td>\n<td style=\"text-align: center;\"><i class=\"fa fa-check\" style=\"color: #d62d1c;\"><!-- icon --><\/i><\/td>\n<\/tr>\n<tr>\n<td>Franz\u00f6sisch und Russisch<\/td>\n<td style=\"text-align: center;\"><i class=\"fa fa-check\" style=\"color: #d62d1c;\"><!-- icon --><\/i><\/td>\n<td style=\"text-align: center;\"><\/td>\n<\/tr>\n<tr>\n<td>Spanisch<\/td>\n<td style=\"text-align: center;\"><i class=\"fa fa-check\" style=\"color: #d62d1c;\"><!-- icon --><\/i><\/td>\n<td style=\"text-align: center;\"><\/td>\n<\/tr>\n<tr>\n<td>Italienisch, Albanisch und Mazedonisch<\/td>\n<td style=\"text-align: center;\"><i class=\"fa fa-check\" style=\"color: #d62d1c;\"><!-- icon --><\/i><\/td>\n<td style=\"text-align: center;\"><i class=\"fa fa-check\" style=\"color: #d62d1c;\"><!-- icon --><\/i><\/td>\n<\/tr>\n<tr>\n<td>Arabisch, Persisch, Ungarisch, Slowenisch, Urdu, Paschtu, T\u00fcrkisch und Polnisch<\/td>\n<td style=\"text-align: center;\"><i class=\"fa fa-check\" style=\"color: #d62d1c;\"><!-- icon --><\/i><\/td>\n<td style=\"text-align: center;\"><\/td>\n<\/tr>\n<\/tbody>\n<\/table>\n<p>&nbsp;<\/p>\n<table>\n<tbody>\n<tr>\n<td>Textlektorat<\/td>\n<\/tr>\n<tr>\n<td style=\"font-weight: 400;\">Textlektorat f\u00fcr Kroatisch, Bosnisch und Serbisch<\/td>\n<\/tr>\n<tr>\n<td style=\"font-weight: 400;\">Textlektorat f\u00fcr Fremdsprachen<\/td>\n<\/tr>\n<\/tbody>\n<\/table>\n<p>&nbsp;<\/p>\n<p>Dienstleistungen im Angebot der Libar Agentur, u.a.:<\/p>\n<ul>\n<li><a href=\"https:\/\/www.libar.info\/pisani-prijevod\/\">schriftliche \u00dcbersetzungen<\/a><\/li>\n<li><a href=\"https:\/\/www.libar.info\/prijevod-sudskog-tumaca\/\">Beglaubigte \u00dcbersetzungen<\/a><\/li>\n<li><a href=\"https:\/\/www.libar.info\/usmeni-prijevod\/\">Dolmetschen<\/a><\/li>\n<li><a href=\"https:\/\/www.libar.info\/lektura-i-korektura\/\">Lektorat und Korrektorat<\/a><\/li>\n<\/ul>\n<p><a href=\"https:\/\/www.libar.info\/de\/kontakt\"><button class=\"btn3\" type=\"button\"><i class=\"fa fa-angle-double-right\" style=\"color: #d62d1c;\" aria-hidden=\"true\"><\/i> \u00dcbersetzung bestellen&#8230;<\/button><\/a><\/p>\n","protected":false},"excerpt":{"rendered":"<p>Die LIBAR Agentur f\u00fcr \u00dcbersetzungen ist ein spezialisiertes Outsourcing-\u00dcbersetzungszentrum, welches f\u00fcr seine Kunden umfangreiche \u00dcbersetzungsdienstleistungen und Unterst\u00fctzung f\u00fcr 27 Weltsprachen <a class=\"read-more\" href=\"https:\/\/www.libar.info\/de\/uebersetzungen\/\"><\/p>\n<p>Mehr&#8230;<\/a><\/p>\n","protected":false},"author":1,"featured_media":0,"parent":0,"menu_order":0,"comment_status":"closed","ping_status":"closed","template":"","meta":{"_acf_changed":false,"footnotes":""},"class_list":["post-571","page","type-page","status-publish","hentry"],"acf":[],"_links":{"self":[{"href":"https:\/\/www.libar.info\/de\/wp-json\/wp\/v2\/pages\/571","targetHints":{"allow":["GET"]}}],"collection":[{"href":"https:\/\/www.libar.info\/de\/wp-json\/wp\/v2\/pages"}],"about":[{"href":"https:\/\/www.libar.info\/de\/wp-json\/wp\/v2\/types\/page"}],"author":[{"embeddable":true,"href":"https:\/\/www.libar.info\/de\/wp-json\/wp\/v2\/users\/1"}],"replies":[{"embeddable":true,"href":"https:\/\/www.libar.info\/de\/wp-json\/wp\/v2\/comments?post=571"}],"version-history":[{"count":6,"href":"https:\/\/www.libar.info\/de\/wp-json\/wp\/v2\/pages\/571\/revisions"}],"predecessor-version":[{"id":634,"href":"https:\/\/www.libar.info\/de\/wp-json\/wp\/v2\/pages\/571\/revisions\/634"}],"wp:attachment":[{"href":"https:\/\/www.libar.info\/de\/wp-json\/wp\/v2\/media?parent=571"}],"curies":[{"name":"wp","href":"https:\/\/api.w.org\/{rel}","templated":true}]}}