{"id":629,"date":"2018-01-12T20:30:09","date_gmt":"2018-01-12T19:30:09","guid":{"rendered":"https:\/\/www.libar.info\/uebersetzungen\/cjenik\/"},"modified":"2018-05-19T19:36:10","modified_gmt":"2018-05-19T17:36:10","slug":"cjenik","status":"publish","type":"page","link":"https:\/\/www.libar.info\/de\/uebersetzungen\/cjenik\/","title":{"rendered":"Preisliste"},"content":{"rendered":"<h2>Preisliste f\u00fcr \u00dcbersetzungen<\/h2>\n<p>In Anbetracht der Menge der Arbeitsaktivit\u00e4t f\u00fcr fast alle westeurop\u00e4ischen Sprachen, hat die Libar Agentur einen einheitlichen Preis f\u00fcr \u00dcbersetzungen festgelegt, ungeachtet der Richtung der \u00dcbersetzung. Abweichungen sind nur f\u00fcr spezifische Fach\u00fcbersetzungen m\u00f6glich.<\/p>\n<p>Damit der Kunde einen klaren Richtpreis f\u00fcr seine \u00dcbersetzung hat, kann der zu \u00fcbersetzende Text f\u00fcr eine kostenfreie Preiseinsch\u00e4tzung zugestellt werden. Dies erm\u00f6glicht eine klare Kommunikation zwischen Kunde und Agentur.<\/p>\n<p><strong>Es ist unsere Verantwortung, den Preis und die Frist f\u00fcr die \u00dcbersetzung optimal und real zu gestalten. <\/strong><strong>Lieferung aller beglaubigten \u00dcbersetzungen direkt an ihre Adresse \u2013 kostenfrei!<\/strong><\/p>\n<p>Einheit: 1 Textkarte<\/p>\n<p>F\u00fcr Dauerkunden und gr\u00f6\u00dfere Auftr\u00e4ge gew\u00e4hren wir Rabatt!<\/p>\n<p>Wir antworten auf all ihre Anfragen innerhalb von 3 Stunden vom Eingang.<\/p>\n<p>Ihre Dokumentation k\u00f6nnen sie elektronisch per E-Mail zusenden: <a href=\"mailto:libar@tel.net.ba\">libar@tel.net.ba<\/a><\/p>\n<p>Zus\u00e4tzliche Informationen \u00fcber uns und unseren Service k\u00f6nne sie auf unseren <a href=\"https:\/\/www.libar.info\/de\/kontakt\/\"><strong>Kontaktseiten<\/strong><\/a> anfragen.<\/p>\n<p>&nbsp;<\/p>\n","protected":false},"excerpt":{"rendered":"<p>Preisliste f\u00fcr \u00dcbersetzungen In Anbetracht der Menge der Arbeitsaktivit\u00e4t f\u00fcr fast alle westeurop\u00e4ischen Sprachen, hat die Libar Agentur einen einheitlichen <a class=\"read-more\" href=\"https:\/\/www.libar.info\/de\/uebersetzungen\/cjenik\/\"><\/p>\n<p>Mehr&#8230;<\/a><\/p>\n","protected":false},"author":1,"featured_media":0,"parent":571,"menu_order":0,"comment_status":"closed","ping_status":"closed","template":"","meta":{"_acf_changed":false,"footnotes":""},"class_list":["post-629","page","type-page","status-publish","hentry"],"acf":[],"_links":{"self":[{"href":"https:\/\/www.libar.info\/de\/wp-json\/wp\/v2\/pages\/629","targetHints":{"allow":["GET"]}}],"collection":[{"href":"https:\/\/www.libar.info\/de\/wp-json\/wp\/v2\/pages"}],"about":[{"href":"https:\/\/www.libar.info\/de\/wp-json\/wp\/v2\/types\/page"}],"author":[{"embeddable":true,"href":"https:\/\/www.libar.info\/de\/wp-json\/wp\/v2\/users\/1"}],"replies":[{"embeddable":true,"href":"https:\/\/www.libar.info\/de\/wp-json\/wp\/v2\/comments?post=629"}],"version-history":[{"count":3,"href":"https:\/\/www.libar.info\/de\/wp-json\/wp\/v2\/pages\/629\/revisions"}],"predecessor-version":[{"id":633,"href":"https:\/\/www.libar.info\/de\/wp-json\/wp\/v2\/pages\/629\/revisions\/633"}],"up":[{"embeddable":true,"href":"https:\/\/www.libar.info\/de\/wp-json\/wp\/v2\/pages\/571"}],"wp:attachment":[{"href":"https:\/\/www.libar.info\/de\/wp-json\/wp\/v2\/media?parent=629"}],"curies":[{"name":"wp","href":"https:\/\/api.w.org\/{rel}","templated":true}]}}