{"id":752,"date":"2018-01-12T20:27:52","date_gmt":"2018-01-12T19:27:52","guid":{"rendered":"https:\/\/www.libar.info\/ueber-uns\/reference\/"},"modified":"2020-03-23T14:56:30","modified_gmt":"2020-03-23T13:56:30","slug":"reference","status":"publish","type":"page","link":"https:\/\/www.libar.info\/de\/ueber-uns\/reference\/","title":{"rendered":"Referenzen"},"content":{"rendered":"<p>Unsere \u00dcbersetzer bieten in ihrer langj\u00e4hrigen Arbeit hochwertige \u00dcbersetzungsdienste an unsere Kunden. Diese \u00dcbersetzungen k\u00f6nnen entweder beglaubigte \u00dcbersetzungen, oder \u00dcbersetzungen ohne die Beglaubigung beeidigter Gerichtsdolmetscher sein. Unseren Klienten bieten wir auch Dolmetscherdienste an &#8211; f\u00fcr verschiedene Gesch\u00e4ftstreffen, Verhandlungen und andere Veranstaltungen.<\/p>\n<p>Jeden Auftrag nehmen wir mit besonderer Aufmerksamkeit auf, und bearbeiten jede Aufgabe hochqualitativ, fachm\u00e4nnisch und professionell. Wir sind sehr stolz auf das Vertrauen, welches uns unsere Kunden t\u00e4glich entgegenbringen, sowie darauf, dass sich unsere Kunden immer wieder an uns wenden.<\/p>\n<p>Die Libar \u00dcbersetzungsagentur ist das offizielle \u00dcbersetzungszentrum f\u00fcr viele Unternehmen und Institutionen in Bosnien und Herzegowina:<\/p>\n<ul>\n<li>Ministerien \u2013 mehrere Staatsministerien in BiH<\/li>\n<li>Banken \u2013 mehrere Gesch\u00e4ftsbanken in BIH<\/li>\n<li>Versicherungsunternehmen \u2013 mehrere Versicherungsunternehmen<\/li>\n<li>Staatsagenturen \u2013 mehrere Staatsagenturen in BiH<\/li>\n<li>Unternehmen \u2013 mehrere Unternehmen in BiH und im Ausland<\/li>\n<\/ul>\n<p>Andere Unternehmen und Institution mit verschiedener Terminologie:<\/p>\n<ul>\n<li>\u00dcbersetzung rechtlicher Dokumentation (Vertr\u00e4ge, Urteile, Beschl\u00fcsse u.\u00c4.)<\/li>\n<li>\u00dcbersetzung von Dokumenten aus den Bereichen Wirtschaft und Finanzen (Finanzberichte, Bilanzen, u.\u00c4.)<\/li>\n<li>\u00dcbersetzung professioneller Baudokumentation (Studien, Zeichnungen, u.\u00c4.)<\/li>\n<li>\u00dcbersetzung medizinischer Dokumentation (Befunde, Entlassungsbriefe, B\u00fccher, u.\u00c4.)<\/li>\n<li>\u00dcbersetzung von Dokumenten aus dem Bereich IT und Elektrotechnik (Anleitungen, Zeichnungen, u.\u00c4.)<\/li>\n<li>\u00dcbersetzung von Dokumenten aus dem Gebiet Marketing (Werbeprospekte und Kataloge, Websites, u.\u00c4.)<\/li>\n<li>\u00dcbersetzung von Fahrzeugdokumenten<\/li>\n<li>\u00dcbersetzung von Dokumentation mit kulturellen und historischen Themen, u.\u00c4<\/li>\n<li>Andere verschiedene \u00dcbersetzungen<\/li>\n<\/ul>\n<p>Unsere komplette Referenzliste ist auf Anfrage verf\u00fcgbar. Unsere Klienten werden gerne die Qualit\u00e4t unserer erbrachten Dienstleistungen best\u00e4tigen.<\/p>\n","protected":false},"excerpt":{"rendered":"<p>Unsere \u00dcbersetzer bieten in ihrer langj\u00e4hrigen Arbeit hochwertige \u00dcbersetzungsdienste an unsere Kunden. Diese \u00dcbersetzungen k\u00f6nnen entweder beglaubigte \u00dcbersetzungen, oder \u00dcbersetzungen <a class=\"read-more\" href=\"https:\/\/www.libar.info\/de\/ueber-uns\/reference\/\"><\/p>\n<p>Mehr&#8230;<\/a><\/p>\n","protected":false},"author":1,"featured_media":0,"parent":562,"menu_order":0,"comment_status":"closed","ping_status":"closed","template":"","meta":{"_acf_changed":false,"footnotes":""},"class_list":["post-752","page","type-page","status-publish","hentry"],"acf":[],"_links":{"self":[{"href":"https:\/\/www.libar.info\/de\/wp-json\/wp\/v2\/pages\/752","targetHints":{"allow":["GET"]}}],"collection":[{"href":"https:\/\/www.libar.info\/de\/wp-json\/wp\/v2\/pages"}],"about":[{"href":"https:\/\/www.libar.info\/de\/wp-json\/wp\/v2\/types\/page"}],"author":[{"embeddable":true,"href":"https:\/\/www.libar.info\/de\/wp-json\/wp\/v2\/users\/1"}],"replies":[{"embeddable":true,"href":"https:\/\/www.libar.info\/de\/wp-json\/wp\/v2\/comments?post=752"}],"version-history":[{"count":4,"href":"https:\/\/www.libar.info\/de\/wp-json\/wp\/v2\/pages\/752\/revisions"}],"predecessor-version":[{"id":756,"href":"https:\/\/www.libar.info\/de\/wp-json\/wp\/v2\/pages\/752\/revisions\/756"}],"up":[{"embeddable":true,"href":"https:\/\/www.libar.info\/de\/wp-json\/wp\/v2\/pages\/562"}],"wp:attachment":[{"href":"https:\/\/www.libar.info\/de\/wp-json\/wp\/v2\/media?parent=752"}],"curies":[{"name":"wp","href":"https:\/\/api.w.org\/{rel}","templated":true}]}}